{"id":465,"date":"2020-07-11T08:28:04","date_gmt":"2020-07-11T06:28:04","guid":{"rendered":"http:\/\/turbowp.redqteam.com\/?post_type=product&#038;p=465"},"modified":"2024-02-14T13:05:47","modified_gmt":"2024-02-14T11:05:47","slug":"mediano","status":"publish","type":"product","link":"https:\/\/alquiler.agc.es\/en\/product\/mediano\/","title":{"rendered":"Medium"},"content":{"rendered":"<p>The models offered can be replaced by vehicles of similar or higher category.<\/p>\n<p>Requesting a quote does not imply formalizing the vehicle reservation.<\/p>\n<p>When we receive your quote request, our sales department will contact you to verify it and inform you of the rest of the clauses, the quote being a NON-binding offer.<\/p>\n<p>Before formalizing the reservation, make sure of the exact days and date of rental to verify availability of the vehicle, extras, etc...<\/p>\n<ul>\n<li>Insurance subject to restrictive clauses.<\/li>\n<li>Minimum age 27 years and minimum years of driving license 4<\/li>\n<li>All rates include 200 km\/day for free.<\/li>\n<li>Insurance coverage: All Risk with Excess of \u20ac450.<\/li>\n<li>Excess mileage coefficient: \u20ac4.5\/100 km.<\/li>\n<\/ul>","protected":false},"excerpt":{"rendered":"<p>Los modelos ofertados pueden ser sustituidos por veh\u00edculos de similar o superior categor\u00eda. Solicitar un presupuesto, no implica la formalizaci\u00f3n de la reserva del veh\u00edculo. Cuando recibamos su petici\u00f3n de presupuesto, nuestro departamento comercial se pondr\u00e1 en contacto con usted para verificarlo e informarle del resto de cl\u00e1usulas, siendo el presupuesto una oferta NO vinculante. [&hellip;]<\/p>","protected":false},"featured_media":3076,"template":"","meta":{"editor_plus_copied_stylings":"{}"},"product_cat":[43],"product_tag":[],"_links":{"self":[{"href":"https:\/\/alquiler.agc.es\/en\/wp-json\/wp\/v2\/product\/465"}],"collection":[{"href":"https:\/\/alquiler.agc.es\/en\/wp-json\/wp\/v2\/product"}],"about":[{"href":"https:\/\/alquiler.agc.es\/en\/wp-json\/wp\/v2\/types\/product"}],"version-history":[{"count":7,"href":"https:\/\/alquiler.agc.es\/en\/wp-json\/wp\/v2\/product\/465\/revisions"}],"predecessor-version":[{"id":3211,"href":"https:\/\/alquiler.agc.es\/en\/wp-json\/wp\/v2\/product\/465\/revisions\/3211"}],"wp:featuredmedia":[{"embeddable":true,"href":"https:\/\/alquiler.agc.es\/en\/wp-json\/wp\/v2\/media\/3076"}],"wp:attachment":[{"href":"https:\/\/alquiler.agc.es\/en\/wp-json\/wp\/v2\/media?parent=465"}],"wp:term":[{"taxonomy":"product_cat","embeddable":true,"href":"https:\/\/alquiler.agc.es\/en\/wp-json\/wp\/v2\/product_cat?post=465"},{"taxonomy":"product_tag","embeddable":true,"href":"https:\/\/alquiler.agc.es\/en\/wp-json\/wp\/v2\/product_tag?post=465"}],"curies":[{"name":"wp","href":"https:\/\/api.w.org\/{rel}","templated":true}]}}